{"id":21204,"date":"2019-06-19T14:27:19","date_gmt":"2019-06-19T12:27:19","guid":{"rendered":"https:\/\/dev.museuolimpicbcn.cat\/entrades-tipus-dentrada\/"},"modified":"2026-04-24T11:34:27","modified_gmt":"2026-04-24T09:34:27","slug":"compra-entrades","status":"publish","type":"page","link":"https:\/\/www.museuolimpicbcn.cat\/ca\/compra-entrades\/","title":{"rendered":"Compra d&#8217;entrades"},"content":{"rendered":"<h1>Compra d&#8217;entrades<\/h1>\n<p><strong>Canviar el voucher<br \/>\n<\/strong>Per a usar l&#8217;entrada o servei, haur\u00e0 de lliurar el voucher original (paper o digital) amb el comprovant de compra i el document que acrediti la seva identitat.<br \/>\nL&#8217;\u00fas de l&#8217;entrada ser\u00e0 en l&#8217;horari que el Museu Ol\u00edmpic t\u00e9 establert en el seu web (vegeu p\u00e0gina web) i est\u00e0 subjecta a l&#8217;aforament de l&#8217;espai. S&#8217;aconsella als grups de m\u00e9s de 20 persones preavisar de dia i hora a <a href=\"mailto:reserves@fbolimpica.es\">reserves@fbolimpica.es<\/a><\/p>\n<p><strong>Per a cancel\u00b7lacions, canvis i alteracions<br \/>\n<\/strong>El voucher t\u00e9 una validesa de 180 dies naturals a partir de la data de compra.<br \/>\nPot cancel\u00b7lar i canviar la seva entrada fins a 48 hores despr\u00e9s de la seva compra. Les devolucions es processaran a trav\u00e9s del mateix canal de compra i els reemborsaments s&#8217;emetran en la mateixa moneda.<\/p>\n<p><strong>La Fundaci\u00f3 Barcelona Ol\u00edmpica no ser\u00e0 responsable del seg\u00fcent<br \/>\n<\/strong>Qualsevol cancel\u00b7laci\u00f3 o canvi realitzat en la prestaci\u00f3 o servei programat per part d&#8217;un promotor. Els continguts de les actuacions. Cancel\u00b7lacions per for\u00e7a major.<\/p>\n<p><strong>Les ag\u00e8ncies o centres educatius<\/strong> han de fer la reserva d\u2019estudiants des de la secci\u00f3 <a href=\"https:\/\/www.museuolimpicbcn.cat\/ca\/escoles\/\"><strong>\u201cAprendre\u201d<\/strong><\/a> del web, on podran triar les diferents visites per cicles segons l\u2019edat del grup.<\/p>\n<div class=\"entradas-tickets-talleres\">\n<h4><\/h4>\n<h4>Entrades per a tallers familiars<\/h4>\n<p><a class=\"btn btn--border\" href=\"https:\/\/www.museuolimpicbcn.cat\/ca\/talleres\/barcelona-1992\/\">Visita Barcelona&#8217;92<\/a><\/p>\n<h4>Entrades per a grups escolars<\/h4>\n<p><a class=\"btn btn--border\" href=\"https:\/\/www.museuolimpicbcn.cat\/ca\/escoles\/\">APRENDRE. Grups escolars<\/a><\/p>\n<\/div>\n","protected":false},"excerpt":{"rendered":"<p>Compra d&#8217;entrades Canviar el voucher Per a usar l&#8217;entrada o servei, haur\u00e0 de lliurar el voucher original (paper o digital) amb el comprovant de compra i el document que acrediti la seva identitat. L&#8217;\u00fas de l&#8217;entrada ser\u00e0 en l&#8217;horari que el Museu Ol\u00edmpic t\u00e9 establert en el seu web (vegeu p\u00e0gina web) i est\u00e0 subjecta [&hellip;]<\/p>\n","protected":false},"author":2,"featured_media":0,"parent":0,"menu_order":0,"comment_status":"closed","ping_status":"closed","template":"","meta":{"_acf_changed":false,"_price":"","_stock":"","_tribe_ticket_header":"","_tribe_default_ticket_provider":"Tribe__Tickets_Plus__Commerce__WooCommerce__Main","_tribe_ticket_capacity":"","_ticket_start_date":"","_ticket_end_date":"","_tribe_ticket_show_description":"","_tribe_ticket_show_not_going":false,"_tribe_ticket_use_global_stock":"","_tribe_ticket_global_stock_level":"","_global_stock_mode":"","_global_stock_cap":"","_tribe_rsvp_for_event":"","_tribe_ticket_going_count":"","_tribe_ticket_not_going_count":"","_tribe_tickets_list":"[{\"id\":21856,\"type\":\"default\",\"title\":\"Entrada individual d&#039;adult\",\"description\":\"Entrada individual d'adult\",\"capacityType\":\"unlimited\",\"price\":6.3,\"capacity\":\"\",\"available\":-1,\"sharedCapacity\":\"\",\"sold\":2424,\"shareSold\":2424,\"isShared\":true,\"currencyDecimalPoint\":\",\",\"currencyNumberOfDecimals\":2,\"currencyPosition\":\"prefix\",\"currencySymbol\":\"$\",\"currencyThousandsSep\":\".\"},{\"id\":21906,\"type\":\"default\",\"title\":\"Entrada individual d&#039;estudiant\",\"description\":\"Entrada individual d'estudiant\",\"capacityType\":\"unlimited\",\"price\":3.9,\"capacity\":\"\",\"available\":-1,\"sharedCapacity\":\"\",\"sold\":57,\"shareSold\":57,\"isShared\":true,\"currencyDecimalPoint\":\",\",\"currencyNumberOfDecimals\":2,\"currencyPosition\":\"prefix\",\"currencySymbol\":\"$\",\"currencyThousandsSep\":\".\"},{\"id\":21908,\"type\":\"default\",\"title\":\"Entrada individual infantil\",\"description\":\"Menor fins a 7 anys acompanyat. No v\\u00e0lid per a grups.\",\"capacityType\":\"unlimited\",\"price\":0,\"capacity\":\"\",\"available\":-1,\"sharedCapacity\":\"\",\"sold\":54,\"shareSold\":54,\"isShared\":true,\"currencyDecimalPoint\":\",\",\"currencyNumberOfDecimals\":2,\"currencyPosition\":\"prefix\",\"currencySymbol\":\"$\",\"currencyThousandsSep\":\".\"},{\"id\":21909,\"type\":\"default\",\"title\":\"Entrada d&#039;adult en grup\",\"description\":\"Per a grups de 10 o m\\u00e9s persones \\u2014 escolars, de col\\u00f2nies, universitaris o altres \\u2014 la reserva s\\u2019haur\\u00e0 de fer a trav\\u00e9s de l\\u2019apartat \\u00abAprende\\u00bb.\",\"capacityType\":\"unlimited\",\"price\":5,\"capacity\":\"\",\"available\":-1,\"sharedCapacity\":\"\",\"sold\":17,\"shareSold\":17,\"isShared\":true,\"currencyDecimalPoint\":\",\",\"currencyNumberOfDecimals\":2,\"currencyPosition\":\"prefix\",\"currencySymbol\":\"$\",\"currencyThousandsSep\":\".\"}]","_tribe_ticket_has_attendee_info_fields":false,"footnotes":"","_tec_slr_enabled":"","_tec_slr_layout":""},"class_list":["post-21204","page","type-page","status-publish","hentry"],"acf":[],"yoast_head":"<!-- This site is optimized with the Yoast SEO plugin v23.7 - https:\/\/yoast.com\/wordpress\/plugins\/seo\/ -->\n<title>Compra d&#039;entrades - Museu Ol\u00edmpic i de l&#039;Esport<\/title>\n<meta name=\"description\" content=\"Canviar el voucherPer a usar l&#039;entrada o servei, haur\u00e0 de lliurar el voucher original (paper o digital) amb el comprovant de compra i el document que acrediti la seva identitat.L&#039;\u00fas de l&#039;entrada ser\u00e0 en l&#039;horari que el Museu Ol\u00edmpic t\u00e9 establert en el seu web (vegeu p\u00e0gina web) i est\u00e0 subjecta a l&#039;aforament de l&#039;espai. S&#039;aconsella als grups de m\u00e9s de 20 persones preavisar de dia i hora a reserves@fbolimpica.esPer a cancel\u00b7lacions, canvis i alteracionsEl voucher t\u00e9 una validesa de 180 dies naturals a partir de la data de compra.Pot cancel\u00b7lar i canviar la seva entrada fins a 48 hores despr\u00e9s de la seva compra. Les devolucions es processaran a trav\u00e9s del mateix canal de compra i els reemborsaments s&#039;emetran en la mateixa moneda.La Fundaci\u00f3 Barcelona Ol\u00edmpica no ser\u00e0 responsable del seg\u00fcentQualsevol cancel\u00b7laci\u00f3 o canvi realitzat en la prestaci\u00f3 o servei programat per part d&#039;un promotor. Els continguts de les actuacions. Cancel\u00b7lacions per for\u00e7a major.Les ag\u00e8ncies o centres educatius han de fer la reserva d\u2019estudiants des de la secci\u00f3 \u201cAprendre\u201d del web, on podran triar les diferents visites per cicles segons l\u2019edat del grup.\" \/>\n<meta name=\"robots\" content=\"index, follow, max-snippet:-1, max-image-preview:large, max-video-preview:-1\" \/>\n<link rel=\"canonical\" href=\"https:\/\/www.museuolimpicbcn.cat\/ca\/compra-entrades\/\" \/>\n<meta property=\"og:locale\" content=\"ca_ES\" \/>\n<meta property=\"og:type\" content=\"article\" \/>\n<meta property=\"og:title\" content=\"Compra d&#039;entrades - Museu Ol\u00edmpic i de l&#039;Esport\" \/>\n<meta property=\"og:description\" content=\"Canviar el voucherPer a usar l&#039;entrada o servei, haur\u00e0 de lliurar el voucher original (paper o digital) amb el comprovant de compra i el document que acrediti la seva identitat.L&#039;\u00fas de l&#039;entrada ser\u00e0 en l&#039;horari que el Museu Ol\u00edmpic t\u00e9 establert en el seu web (vegeu p\u00e0gina web) i est\u00e0 subjecta a l&#039;aforament de l&#039;espai. S&#039;aconsella als grups de m\u00e9s de 20 persones preavisar de dia i hora a reserves@fbolimpica.esPer a cancel\u00b7lacions, canvis i alteracionsEl voucher t\u00e9 una validesa de 180 dies naturals a partir de la data de compra.Pot cancel\u00b7lar i canviar la seva entrada fins a 48 hores despr\u00e9s de la seva compra. Les devolucions es processaran a trav\u00e9s del mateix canal de compra i els reemborsaments s&#039;emetran en la mateixa moneda.La Fundaci\u00f3 Barcelona Ol\u00edmpica no ser\u00e0 responsable del seg\u00fcentQualsevol cancel\u00b7laci\u00f3 o canvi realitzat en la prestaci\u00f3 o servei programat per part d&#039;un promotor. Els continguts de les actuacions. Cancel\u00b7lacions per for\u00e7a major.Les ag\u00e8ncies o centres educatius han de fer la reserva d\u2019estudiants des de la secci\u00f3 \u201cAprendre\u201d del web, on podran triar les diferents visites per cicles segons l\u2019edat del grup.\" \/>\n<meta property=\"og:url\" content=\"https:\/\/www.museuolimpicbcn.cat\/ca\/compra-entrades\/\" \/>\n<meta property=\"og:site_name\" content=\"Museu Ol\u00edmpic i de l&#039;Esport\" \/>\n<meta property=\"article:modified_time\" content=\"2026-04-24T09:34:27+00:00\" \/>\n<meta name=\"twitter:card\" content=\"summary_large_image\" \/>\n<meta name=\"twitter:label1\" content=\"Temps estimat de lectura\" \/>\n\t<meta name=\"twitter:data1\" content=\"1 minut\" \/>\n<script type=\"application\/ld+json\" class=\"yoast-schema-graph\">{\"@context\":\"https:\/\/schema.org\",\"@graph\":[{\"@type\":\"WebPage\",\"@id\":\"https:\/\/www.museuolimpicbcn.cat\/ca\/compra-entrades\/\",\"url\":\"https:\/\/www.museuolimpicbcn.cat\/ca\/compra-entrades\/\",\"name\":\"Compra d'entrades - Museu Ol\u00edmpic i de l&#039;Esport\",\"isPartOf\":{\"@id\":\"https:\/\/www.museuolimpicbcn.cat\/ca\/#website\"},\"datePublished\":\"2019-06-19T12:27:19+00:00\",\"dateModified\":\"2026-04-24T09:34:27+00:00\",\"description\":\"Canviar el voucherPer a usar l'entrada o servei, haur\u00e0 de lliurar el voucher original (paper o digital) amb el comprovant de compra i el document que acrediti la seva identitat.L'\u00fas de l'entrada ser\u00e0 en l'horari que el Museu Ol\u00edmpic t\u00e9 establert en el seu web (vegeu p\u00e0gina web) i est\u00e0 subjecta a l'aforament de l'espai. S'aconsella als grups de m\u00e9s de 20 persones preavisar de dia i hora a reserves@fbolimpica.esPer a cancel\u00b7lacions, canvis i alteracionsEl voucher t\u00e9 una validesa de 180 dies naturals a partir de la data de compra.Pot cancel\u00b7lar i canviar la seva entrada fins a 48 hores despr\u00e9s de la seva compra. Les devolucions es processaran a trav\u00e9s del mateix canal de compra i els reemborsaments s'emetran en la mateixa moneda.La Fundaci\u00f3 Barcelona Ol\u00edmpica no ser\u00e0 responsable del seg\u00fcentQualsevol cancel\u00b7laci\u00f3 o canvi realitzat en la prestaci\u00f3 o servei programat per part d'un promotor. Els continguts de les actuacions. Cancel\u00b7lacions per for\u00e7a major.Les ag\u00e8ncies o centres educatius han de fer la reserva d\u2019estudiants des de la secci\u00f3 \u201cAprendre\u201d del web, on podran triar les diferents visites per cicles segons l\u2019edat del grup.\",\"breadcrumb\":{\"@id\":\"https:\/\/www.museuolimpicbcn.cat\/ca\/compra-entrades\/#breadcrumb\"},\"inLanguage\":\"ca\",\"potentialAction\":[{\"@type\":\"ReadAction\",\"target\":[\"https:\/\/www.museuolimpicbcn.cat\/ca\/compra-entrades\/\"]}]},{\"@type\":\"BreadcrumbList\",\"@id\":\"https:\/\/www.museuolimpicbcn.cat\/ca\/compra-entrades\/#breadcrumb\",\"itemListElement\":[{\"@type\":\"ListItem\",\"position\":1,\"name\":\"Inici\",\"item\":\"https:\/\/www.museuolimpicbcn.cat\/es\/\"},{\"@type\":\"ListItem\",\"position\":2,\"name\":\"Compra d&#8217;entrades\"}]},{\"@type\":\"WebSite\",\"@id\":\"https:\/\/www.museuolimpicbcn.cat\/ca\/#website\",\"url\":\"https:\/\/www.museuolimpicbcn.cat\/ca\/\",\"name\":\"Museu Ol\u00edmpic i de l&#039;Esport\",\"description\":\"Altre lloc Web del Museu Ol\u00edmpic i de l&#039;Esport llocs\",\"publisher\":{\"@id\":\"https:\/\/www.museuolimpicbcn.cat\/ca\/#organization\"},\"potentialAction\":[{\"@type\":\"SearchAction\",\"target\":{\"@type\":\"EntryPoint\",\"urlTemplate\":\"https:\/\/www.museuolimpicbcn.cat\/ca\/?s={search_term_string}\"},\"query-input\":{\"@type\":\"PropertyValueSpecification\",\"valueRequired\":true,\"valueName\":\"search_term_string\"}}],\"inLanguage\":\"ca\"},{\"@type\":\"Organization\",\"@id\":\"https:\/\/www.museuolimpicbcn.cat\/ca\/#organization\",\"name\":\"Museu Ol\u00edmpic i de l&#039;Esport\",\"url\":\"https:\/\/www.museuolimpicbcn.cat\/ca\/\",\"logo\":{\"@type\":\"ImageObject\",\"inLanguage\":\"ca\",\"@id\":\"https:\/\/www.museuolimpicbcn.cat\/ca\/#\/schema\/logo\/image\/\",\"url\":\"https:\/\/www.museuolimpicbcn.cat\/wp-content\/uploads\/sites\/2\/2018\/12\/logo-moe-header.svg\",\"contentUrl\":\"https:\/\/www.museuolimpicbcn.cat\/wp-content\/uploads\/sites\/2\/2018\/12\/logo-moe-header.svg\",\"caption\":\"Museu Ol\u00edmpic i de l&#039;Esport\"},\"image\":{\"@id\":\"https:\/\/www.museuolimpicbcn.cat\/ca\/#\/schema\/logo\/image\/\"}}]}<\/script>\n<!-- \/ Yoast SEO plugin. -->","yoast_head_json":{"title":"Compra d'entrades - Museu Ol\u00edmpic i de l&#039;Esport","description":"Canviar el voucherPer a usar l'entrada o servei, haur\u00e0 de lliurar el voucher original (paper o digital) amb el comprovant de compra i el document que acrediti la seva identitat.L'\u00fas de l'entrada ser\u00e0 en l'horari que el Museu Ol\u00edmpic t\u00e9 establert en el seu web (vegeu p\u00e0gina web) i est\u00e0 subjecta a l'aforament de l'espai. S'aconsella als grups de m\u00e9s de 20 persones preavisar de dia i hora a reserves@fbolimpica.esPer a cancel\u00b7lacions, canvis i alteracionsEl voucher t\u00e9 una validesa de 180 dies naturals a partir de la data de compra.Pot cancel\u00b7lar i canviar la seva entrada fins a 48 hores despr\u00e9s de la seva compra. Les devolucions es processaran a trav\u00e9s del mateix canal de compra i els reemborsaments s'emetran en la mateixa moneda.La Fundaci\u00f3 Barcelona Ol\u00edmpica no ser\u00e0 responsable del seg\u00fcentQualsevol cancel\u00b7laci\u00f3 o canvi realitzat en la prestaci\u00f3 o servei programat per part d'un promotor. Els continguts de les actuacions. Cancel\u00b7lacions per for\u00e7a major.Les ag\u00e8ncies o centres educatius han de fer la reserva d\u2019estudiants des de la secci\u00f3 \u201cAprendre\u201d del web, on podran triar les diferents visites per cicles segons l\u2019edat del grup.","robots":{"index":"index","follow":"follow","max-snippet":"max-snippet:-1","max-image-preview":"max-image-preview:large","max-video-preview":"max-video-preview:-1"},"canonical":"https:\/\/www.museuolimpicbcn.cat\/ca\/compra-entrades\/","og_locale":"ca_ES","og_type":"article","og_title":"Compra d'entrades - Museu Ol\u00edmpic i de l&#039;Esport","og_description":"Canviar el voucherPer a usar l'entrada o servei, haur\u00e0 de lliurar el voucher original (paper o digital) amb el comprovant de compra i el document que acrediti la seva identitat.L'\u00fas de l'entrada ser\u00e0 en l'horari que el Museu Ol\u00edmpic t\u00e9 establert en el seu web (vegeu p\u00e0gina web) i est\u00e0 subjecta a l'aforament de l'espai. S'aconsella als grups de m\u00e9s de 20 persones preavisar de dia i hora a reserves@fbolimpica.esPer a cancel\u00b7lacions, canvis i alteracionsEl voucher t\u00e9 una validesa de 180 dies naturals a partir de la data de compra.Pot cancel\u00b7lar i canviar la seva entrada fins a 48 hores despr\u00e9s de la seva compra. Les devolucions es processaran a trav\u00e9s del mateix canal de compra i els reemborsaments s'emetran en la mateixa moneda.La Fundaci\u00f3 Barcelona Ol\u00edmpica no ser\u00e0 responsable del seg\u00fcentQualsevol cancel\u00b7laci\u00f3 o canvi realitzat en la prestaci\u00f3 o servei programat per part d'un promotor. Els continguts de les actuacions. Cancel\u00b7lacions per for\u00e7a major.Les ag\u00e8ncies o centres educatius han de fer la reserva d\u2019estudiants des de la secci\u00f3 \u201cAprendre\u201d del web, on podran triar les diferents visites per cicles segons l\u2019edat del grup.","og_url":"https:\/\/www.museuolimpicbcn.cat\/ca\/compra-entrades\/","og_site_name":"Museu Ol\u00edmpic i de l&#039;Esport","article_modified_time":"2026-04-24T09:34:27+00:00","twitter_card":"summary_large_image","twitter_misc":{"Temps estimat de lectura":"1 minut"},"schema":{"@context":"https:\/\/schema.org","@graph":[{"@type":"WebPage","@id":"https:\/\/www.museuolimpicbcn.cat\/ca\/compra-entrades\/","url":"https:\/\/www.museuolimpicbcn.cat\/ca\/compra-entrades\/","name":"Compra d'entrades - Museu Ol\u00edmpic i de l&#039;Esport","isPartOf":{"@id":"https:\/\/www.museuolimpicbcn.cat\/ca\/#website"},"datePublished":"2019-06-19T12:27:19+00:00","dateModified":"2026-04-24T09:34:27+00:00","description":"Canviar el voucherPer a usar l'entrada o servei, haur\u00e0 de lliurar el voucher original (paper o digital) amb el comprovant de compra i el document que acrediti la seva identitat.L'\u00fas de l'entrada ser\u00e0 en l'horari que el Museu Ol\u00edmpic t\u00e9 establert en el seu web (vegeu p\u00e0gina web) i est\u00e0 subjecta a l'aforament de l'espai. S'aconsella als grups de m\u00e9s de 20 persones preavisar de dia i hora a reserves@fbolimpica.esPer a cancel\u00b7lacions, canvis i alteracionsEl voucher t\u00e9 una validesa de 180 dies naturals a partir de la data de compra.Pot cancel\u00b7lar i canviar la seva entrada fins a 48 hores despr\u00e9s de la seva compra. Les devolucions es processaran a trav\u00e9s del mateix canal de compra i els reemborsaments s'emetran en la mateixa moneda.La Fundaci\u00f3 Barcelona Ol\u00edmpica no ser\u00e0 responsable del seg\u00fcentQualsevol cancel\u00b7laci\u00f3 o canvi realitzat en la prestaci\u00f3 o servei programat per part d'un promotor. Els continguts de les actuacions. Cancel\u00b7lacions per for\u00e7a major.Les ag\u00e8ncies o centres educatius han de fer la reserva d\u2019estudiants des de la secci\u00f3 \u201cAprendre\u201d del web, on podran triar les diferents visites per cicles segons l\u2019edat del grup.","breadcrumb":{"@id":"https:\/\/www.museuolimpicbcn.cat\/ca\/compra-entrades\/#breadcrumb"},"inLanguage":"ca","potentialAction":[{"@type":"ReadAction","target":["https:\/\/www.museuolimpicbcn.cat\/ca\/compra-entrades\/"]}]},{"@type":"BreadcrumbList","@id":"https:\/\/www.museuolimpicbcn.cat\/ca\/compra-entrades\/#breadcrumb","itemListElement":[{"@type":"ListItem","position":1,"name":"Inici","item":"https:\/\/www.museuolimpicbcn.cat\/es\/"},{"@type":"ListItem","position":2,"name":"Compra d&#8217;entrades"}]},{"@type":"WebSite","@id":"https:\/\/www.museuolimpicbcn.cat\/ca\/#website","url":"https:\/\/www.museuolimpicbcn.cat\/ca\/","name":"Museu Ol\u00edmpic i de l&#039;Esport","description":"Altre lloc Web del Museu Ol\u00edmpic i de l&#039;Esport llocs","publisher":{"@id":"https:\/\/www.museuolimpicbcn.cat\/ca\/#organization"},"potentialAction":[{"@type":"SearchAction","target":{"@type":"EntryPoint","urlTemplate":"https:\/\/www.museuolimpicbcn.cat\/ca\/?s={search_term_string}"},"query-input":{"@type":"PropertyValueSpecification","valueRequired":true,"valueName":"search_term_string"}}],"inLanguage":"ca"},{"@type":"Organization","@id":"https:\/\/www.museuolimpicbcn.cat\/ca\/#organization","name":"Museu Ol\u00edmpic i de l&#039;Esport","url":"https:\/\/www.museuolimpicbcn.cat\/ca\/","logo":{"@type":"ImageObject","inLanguage":"ca","@id":"https:\/\/www.museuolimpicbcn.cat\/ca\/#\/schema\/logo\/image\/","url":"https:\/\/www.museuolimpicbcn.cat\/wp-content\/uploads\/sites\/2\/2018\/12\/logo-moe-header.svg","contentUrl":"https:\/\/www.museuolimpicbcn.cat\/wp-content\/uploads\/sites\/2\/2018\/12\/logo-moe-header.svg","caption":"Museu Ol\u00edmpic i de l&#039;Esport"},"image":{"@id":"https:\/\/www.museuolimpicbcn.cat\/ca\/#\/schema\/logo\/image\/"}}]}},"ticketed":["woo"],"_links":{"self":[{"href":"https:\/\/www.museuolimpicbcn.cat\/ca\/wp-json\/wp\/v2\/pages\/21204"}],"collection":[{"href":"https:\/\/www.museuolimpicbcn.cat\/ca\/wp-json\/wp\/v2\/pages"}],"about":[{"href":"https:\/\/www.museuolimpicbcn.cat\/ca\/wp-json\/wp\/v2\/types\/page"}],"author":[{"embeddable":true,"href":"https:\/\/www.museuolimpicbcn.cat\/ca\/wp-json\/wp\/v2\/users\/2"}],"replies":[{"embeddable":true,"href":"https:\/\/www.museuolimpicbcn.cat\/ca\/wp-json\/wp\/v2\/comments?post=21204"}],"version-history":[{"count":33,"href":"https:\/\/www.museuolimpicbcn.cat\/ca\/wp-json\/wp\/v2\/pages\/21204\/revisions"}],"predecessor-version":[{"id":49361,"href":"https:\/\/www.museuolimpicbcn.cat\/ca\/wp-json\/wp\/v2\/pages\/21204\/revisions\/49361"}],"wp:attachment":[{"href":"https:\/\/www.museuolimpicbcn.cat\/ca\/wp-json\/wp\/v2\/media?parent=21204"}],"curies":[{"name":"wp","href":"https:\/\/api.w.org\/{rel}","templated":true}]}}