{"id":20242,"date":"2019-05-06T13:41:25","date_gmt":"2019-05-06T11:41:25","guid":{"rendered":"https:\/\/dev.museuolimpicbcn.cat\/?page_id=20242"},"modified":"2026-04-24T11:33:38","modified_gmt":"2026-04-24T09:33:38","slug":"compra-de-entradas","status":"publish","type":"page","link":"https:\/\/www.museuolimpicbcn.cat\/es\/compra-de-entradas\/","title":{"rendered":"Compra de entradas"},"content":{"rendered":"<h1>Compra de entradas<\/h1>\n<p><strong>Canjear el voucher<br \/>\n<\/strong>Para usar la entrada o servicio, deber\u00e1 entregar el voucher original (papel o digital) con el comprobante de compra y el documento que acredite su identidad. El uso de la entrada ser\u00e1 en el horario que el Museu Ol\u00edmpic tiene establecido en su web y est\u00e1 sujeta al aforo del espacio. Se aconseja a los grupos de m\u00e1s de 20 personas preavisar de d\u00eda y hora a <a href=\"mailto:reserves@fbolimpica.es\">reserves@fbolimpica.es<\/a>.<\/p>\n<p><strong>Para cancelaciones, cambios y alteraciones<\/strong><br \/>\nEl voucher tiene una validez de 180 d\u00edas naturales a partir de la fecha de compra.<br \/>\nPuede cancelar y cambiar su entrada hasta 48 horas despu\u00e9s de su compra. Las devoluciones se procesar\u00e1n a trav\u00e9s del mismo canal de compra y los reembolsos se emitir\u00e1n en la misma moneda.<\/p>\n<p><strong>La Fundaci\u00f3 Barcelona Ol\u00edmpica no ser\u00e1 responsable de lo siguiente:<\/strong> Cualquier cancelaci\u00f3n o cambio realizado en la prestaci\u00f3n o servicio programado por parte de un promotor. Los contenidos de las actuaciones. Cancelaciones por fuerza mayor.<\/p>\n<p><strong>Las agencias o centros educativos deben realizar la reserva de estudiantes<\/strong> desde la secci\u00f3n <a href=\"https:\/\/www.museuolimpicbcn.cat\/es\/escuelas\/\"><strong>\u201cAprender\u201d<\/strong><\/a> de la web, donde podr\u00e1n seleccionar las diferentes visitas por ciclos seg\u00fan la edad del grupo.<\/p>\n<div class=\"entradas-tickets-talleres\">\n<h4>Entradas para talleres familiares<\/h4>\n<p><a class=\"btn btn--border\" href=\"https:\/\/www.museuolimpicbcn.cat\/es\/talleres\/barcelona-1992\/\">Visita en Familia &#8220;Barcelona&#8217;92&#8221;<\/a><\/p>\n<h4>Entradas para grupos escolares<\/h4>\n<p><a class=\"btn btn--border\" href=\"https:\/\/www.museuolimpicbcn.cat\/es\/escuelas\/\">APRENDER. Visita con tu centro<\/a><\/p>\n<\/div>\n","protected":false},"excerpt":{"rendered":"<p>Compra de entradas Canjear el voucher Para usar la entrada o servicio, deber\u00e1 entregar el voucher original (papel o digital) con el comprobante de compra y el documento que acredite su identidad. El uso de la entrada ser\u00e1 en el horario que el Museu Ol\u00edmpic tiene establecido en su web y est\u00e1 sujeta al aforo [&hellip;]<\/p>\n","protected":false},"author":2,"featured_media":0,"parent":0,"menu_order":0,"comment_status":"closed","ping_status":"closed","template":"","meta":{"_acf_changed":false,"_price":"","_stock":"","_tribe_ticket_header":"","_tribe_default_ticket_provider":"Tribe__Tickets_Plus__Commerce__WooCommerce__Main","_tribe_ticket_capacity":"","_ticket_start_date":"","_ticket_end_date":"","_tribe_ticket_show_description":"","_tribe_ticket_show_not_going":false,"_tribe_ticket_use_global_stock":"","_tribe_ticket_global_stock_level":"","_global_stock_mode":"","_global_stock_cap":"","_tribe_rsvp_for_event":"","_tribe_ticket_going_count":"","_tribe_ticket_not_going_count":"","_tribe_tickets_list":"[{\"id\":20260,\"type\":\"default\",\"title\":\"Entrada individual adulto\",\"description\":\"Entrada individual de adulto\",\"capacityType\":\"unlimited\",\"price\":6.3,\"capacity\":\"\",\"available\":-1,\"sharedCapacity\":\"\",\"sold\":2143,\"shareSold\":2143,\"isShared\":true,\"currencyDecimalPoint\":\",\",\"currencyNumberOfDecimals\":2,\"currencyPosition\":\"prefix\",\"currencySymbol\":\"$\",\"currencyThousandsSep\":\".\"},{\"id\":20365,\"type\":\"default\",\"title\":\"Entrada individual de estudiante\",\"description\":\"Entrada individual de estudiante\",\"capacityType\":\"unlimited\",\"price\":3.9,\"capacity\":\"\",\"available\":-1,\"sharedCapacity\":\"\",\"sold\":869,\"shareSold\":869,\"isShared\":true,\"currencyDecimalPoint\":\",\",\"currencyNumberOfDecimals\":2,\"currencyPosition\":\"prefix\",\"currencySymbol\":\"$\",\"currencyThousandsSep\":\".\"},{\"id\":20369,\"type\":\"default\",\"title\":\"Entrada individual infantil\",\"description\":\"Hasta 7 a\\u00f1os acompa\\u00f1ados. No v\\u00e1lido para grupos.\",\"capacityType\":\"unlimited\",\"price\":0,\"capacity\":\"\",\"available\":-1,\"sharedCapacity\":\"\",\"sold\":258,\"shareSold\":258,\"isShared\":true,\"currencyDecimalPoint\":\",\",\"currencyNumberOfDecimals\":2,\"currencyPosition\":\"prefix\",\"currencySymbol\":\"$\",\"currencyThousandsSep\":\".\"},{\"id\":20372,\"type\":\"default\",\"title\":\"Entrada de adulto en grupo\",\"description\":\"Para grupos de 10 o m\\u00e1s personas \\u2014 escolares, de colonias, universitarios u otros \\u2014 la reserva deber\\u00e1 realizarse a trav\\u00e9s del apartado \\\"Aprende\\\".\",\"capacityType\":\"unlimited\",\"price\":5,\"capacity\":\"\",\"available\":-1,\"sharedCapacity\":\"\",\"sold\":165,\"shareSold\":165,\"isShared\":true,\"currencyDecimalPoint\":\",\",\"currencyNumberOfDecimals\":2,\"currencyPosition\":\"prefix\",\"currencySymbol\":\"$\",\"currencyThousandsSep\":\".\"}]","_tribe_ticket_has_attendee_info_fields":false,"footnotes":"","_tec_slr_enabled":"","_tec_slr_layout":""},"class_list":["post-20242","page","type-page","status-publish","hentry"],"acf":[],"yoast_head":"<!-- This site is optimized with the Yoast SEO plugin v23.7 - https:\/\/yoast.com\/wordpress\/plugins\/seo\/ -->\n<title>Compra de entradas - Museu Ol\u00edmpic i de l&#039;Esport Joan Antoni Samaranch. Barcelona<\/title>\n<meta name=\"description\" content=\"Canjear el voucherPara usar la entrada o servicio, deber\u00e1 entregar el voucher original (papel o digital) con el comprobante de compra y el documento que acredite su identidad. El uso de la entrada ser\u00e1 en el horario que el Museu Ol\u00edmpic tiene establecido en su web y est\u00e1 sujeta al aforo del espacio. Se aconseja a los grupos de m\u00e1s de 20 personas preavisar de d\u00eda y hora a reserves@fbolimpica.es.Para cancelaciones, cambios y alteracionesEl voucher tiene una validez de 180 d\u00edas naturales a partir de la fecha de compra.Puede cancelar y cambiar su entrada hasta 48 horas despu\u00e9s de su compra. Las devoluciones se procesar\u00e1n a trav\u00e9s del mismo canal de compra y los reembolsos se emitir\u00e1n en la misma moneda.La Fundaci\u00f3 Barcelona Ol\u00edmpica no ser\u00e1 responsable de lo siguiente: Cualquier cancelaci\u00f3n o cambio realizado en la prestaci\u00f3n o servicio programado por parte de un promotor. Los contenidos de las actuaciones. Cancelaciones por fuerza mayor.Las agencias o centros educativos deben realizar la reserva de estudiantes desde la secci\u00f3n \u201cAprender\u201d de la web, donde podr\u00e1n seleccionar las diferentes visitas por ciclos seg\u00fan la edad del grupo.\" \/>\n<meta name=\"robots\" content=\"index, follow, max-snippet:-1, max-image-preview:large, max-video-preview:-1\" \/>\n<link rel=\"canonical\" href=\"https:\/\/www.museuolimpicbcn.cat\/es\/compra-de-entradas\/\" \/>\n<meta property=\"og:locale\" content=\"es_ES\" \/>\n<meta property=\"og:type\" content=\"article\" \/>\n<meta property=\"og:title\" content=\"Compra de entradas - Museu Ol\u00edmpic i de l&#039;Esport Joan Antoni Samaranch. Barcelona\" \/>\n<meta property=\"og:description\" content=\"Canjear el voucherPara usar la entrada o servicio, deber\u00e1 entregar el voucher original (papel o digital) con el comprobante de compra y el documento que acredite su identidad. El uso de la entrada ser\u00e1 en el horario que el Museu Ol\u00edmpic tiene establecido en su web y est\u00e1 sujeta al aforo del espacio. Se aconseja a los grupos de m\u00e1s de 20 personas preavisar de d\u00eda y hora a reserves@fbolimpica.es.Para cancelaciones, cambios y alteracionesEl voucher tiene una validez de 180 d\u00edas naturales a partir de la fecha de compra.Puede cancelar y cambiar su entrada hasta 48 horas despu\u00e9s de su compra. Las devoluciones se procesar\u00e1n a trav\u00e9s del mismo canal de compra y los reembolsos se emitir\u00e1n en la misma moneda.La Fundaci\u00f3 Barcelona Ol\u00edmpica no ser\u00e1 responsable de lo siguiente: Cualquier cancelaci\u00f3n o cambio realizado en la prestaci\u00f3n o servicio programado por parte de un promotor. Los contenidos de las actuaciones. Cancelaciones por fuerza mayor.Las agencias o centros educativos deben realizar la reserva de estudiantes desde la secci\u00f3n \u201cAprender\u201d de la web, donde podr\u00e1n seleccionar las diferentes visitas por ciclos seg\u00fan la edad del grupo.\" \/>\n<meta property=\"og:url\" content=\"https:\/\/www.museuolimpicbcn.cat\/es\/compra-de-entradas\/\" \/>\n<meta property=\"og:site_name\" content=\"Museu Ol\u00edmpic i de l&#039;Esport Joan Antoni Samaranch. Barcelona\" \/>\n<meta property=\"article:modified_time\" content=\"2026-04-24T09:33:38+00:00\" \/>\n<meta name=\"twitter:card\" content=\"summary_large_image\" \/>\n<meta name=\"twitter:label1\" content=\"Tiempo de lectura\" \/>\n\t<meta name=\"twitter:data1\" content=\"1 minuto\" \/>\n<script type=\"application\/ld+json\" class=\"yoast-schema-graph\">{\"@context\":\"https:\/\/schema.org\",\"@graph\":[{\"@type\":\"WebPage\",\"@id\":\"https:\/\/www.museuolimpicbcn.cat\/es\/compra-de-entradas\/\",\"url\":\"https:\/\/www.museuolimpicbcn.cat\/es\/compra-de-entradas\/\",\"name\":\"Compra de entradas - Museu Ol\u00edmpic i de l&#039;Esport Joan Antoni Samaranch. Barcelona\",\"isPartOf\":{\"@id\":\"https:\/\/www.museuolimpicbcn.cat\/ca\/#website\"},\"datePublished\":\"2019-05-06T11:41:25+00:00\",\"dateModified\":\"2026-04-24T09:33:38+00:00\",\"description\":\"Canjear el voucherPara usar la entrada o servicio, deber\u00e1 entregar el voucher original (papel o digital) con el comprobante de compra y el documento que acredite su identidad. El uso de la entrada ser\u00e1 en el horario que el Museu Ol\u00edmpic tiene establecido en su web y est\u00e1 sujeta al aforo del espacio. Se aconseja a los grupos de m\u00e1s de 20 personas preavisar de d\u00eda y hora a reserves@fbolimpica.es.Para cancelaciones, cambios y alteracionesEl voucher tiene una validez de 180 d\u00edas naturales a partir de la fecha de compra.Puede cancelar y cambiar su entrada hasta 48 horas despu\u00e9s de su compra. Las devoluciones se procesar\u00e1n a trav\u00e9s del mismo canal de compra y los reembolsos se emitir\u00e1n en la misma moneda.La Fundaci\u00f3 Barcelona Ol\u00edmpica no ser\u00e1 responsable de lo siguiente: Cualquier cancelaci\u00f3n o cambio realizado en la prestaci\u00f3n o servicio programado por parte de un promotor. Los contenidos de las actuaciones. Cancelaciones por fuerza mayor.Las agencias o centros educativos deben realizar la reserva de estudiantes desde la secci\u00f3n \u201cAprender\u201d de la web, donde podr\u00e1n seleccionar las diferentes visitas por ciclos seg\u00fan la edad del grupo.\",\"breadcrumb\":{\"@id\":\"https:\/\/www.museuolimpicbcn.cat\/es\/compra-de-entradas\/#breadcrumb\"},\"inLanguage\":\"es\",\"potentialAction\":[{\"@type\":\"ReadAction\",\"target\":[\"https:\/\/www.museuolimpicbcn.cat\/es\/compra-de-entradas\/\"]}]},{\"@type\":\"BreadcrumbList\",\"@id\":\"https:\/\/www.museuolimpicbcn.cat\/es\/compra-de-entradas\/#breadcrumb\",\"itemListElement\":[{\"@type\":\"ListItem\",\"position\":1,\"name\":\"Inici\",\"item\":\"https:\/\/www.museuolimpicbcn.cat\/es\/\"},{\"@type\":\"ListItem\",\"position\":2,\"name\":\"Compra de entradas\"}]},{\"@type\":\"WebSite\",\"@id\":\"https:\/\/www.museuolimpicbcn.cat\/ca\/#website\",\"url\":\"https:\/\/www.museuolimpicbcn.cat\/ca\/\",\"name\":\"Museu Ol\u00edmpic i de l&#039;Esport Joan Antoni Samaranch. Barcelona\",\"description\":\"Altre lloc Web del Museu Ol\u00edmpic i de l&#039;Esport llocs\",\"publisher\":{\"@id\":\"https:\/\/www.museuolimpicbcn.cat\/ca\/#organization\"},\"potentialAction\":[{\"@type\":\"SearchAction\",\"target\":{\"@type\":\"EntryPoint\",\"urlTemplate\":\"https:\/\/www.museuolimpicbcn.cat\/ca\/?s={search_term_string}\"},\"query-input\":{\"@type\":\"PropertyValueSpecification\",\"valueRequired\":true,\"valueName\":\"search_term_string\"}}],\"inLanguage\":\"es\"},{\"@type\":\"Organization\",\"@id\":\"https:\/\/www.museuolimpicbcn.cat\/ca\/#organization\",\"name\":\"Museu Ol\u00edmpic i de l&#039;Esport Joan Antoni Samaranch. Barcelona\",\"url\":\"https:\/\/www.museuolimpicbcn.cat\/ca\/\",\"logo\":{\"@type\":\"ImageObject\",\"inLanguage\":\"es\",\"@id\":\"https:\/\/www.museuolimpicbcn.cat\/ca\/#\/schema\/logo\/image\/\",\"url\":\"https:\/\/www.museuolimpicbcn.cat\/wp-content\/uploads\/sites\/2\/2018\/12\/logo-moe-header.svg\",\"contentUrl\":\"https:\/\/www.museuolimpicbcn.cat\/wp-content\/uploads\/sites\/2\/2018\/12\/logo-moe-header.svg\",\"caption\":\"Museu Ol\u00edmpic i de l&#039;Esport Joan Antoni Samaranch. Barcelona\"},\"image\":{\"@id\":\"https:\/\/www.museuolimpicbcn.cat\/ca\/#\/schema\/logo\/image\/\"}}]}<\/script>\n<!-- \/ Yoast SEO plugin. -->","yoast_head_json":{"title":"Compra de entradas - Museu Ol\u00edmpic i de l&#039;Esport Joan Antoni Samaranch. Barcelona","description":"Canjear el voucherPara usar la entrada o servicio, deber\u00e1 entregar el voucher original (papel o digital) con el comprobante de compra y el documento que acredite su identidad. El uso de la entrada ser\u00e1 en el horario que el Museu Ol\u00edmpic tiene establecido en su web y est\u00e1 sujeta al aforo del espacio. Se aconseja a los grupos de m\u00e1s de 20 personas preavisar de d\u00eda y hora a reserves@fbolimpica.es.Para cancelaciones, cambios y alteracionesEl voucher tiene una validez de 180 d\u00edas naturales a partir de la fecha de compra.Puede cancelar y cambiar su entrada hasta 48 horas despu\u00e9s de su compra. Las devoluciones se procesar\u00e1n a trav\u00e9s del mismo canal de compra y los reembolsos se emitir\u00e1n en la misma moneda.La Fundaci\u00f3 Barcelona Ol\u00edmpica no ser\u00e1 responsable de lo siguiente: Cualquier cancelaci\u00f3n o cambio realizado en la prestaci\u00f3n o servicio programado por parte de un promotor. Los contenidos de las actuaciones. Cancelaciones por fuerza mayor.Las agencias o centros educativos deben realizar la reserva de estudiantes desde la secci\u00f3n \u201cAprender\u201d de la web, donde podr\u00e1n seleccionar las diferentes visitas por ciclos seg\u00fan la edad del grupo.","robots":{"index":"index","follow":"follow","max-snippet":"max-snippet:-1","max-image-preview":"max-image-preview:large","max-video-preview":"max-video-preview:-1"},"canonical":"https:\/\/www.museuolimpicbcn.cat\/es\/compra-de-entradas\/","og_locale":"es_ES","og_type":"article","og_title":"Compra de entradas - Museu Ol\u00edmpic i de l&#039;Esport Joan Antoni Samaranch. Barcelona","og_description":"Canjear el voucherPara usar la entrada o servicio, deber\u00e1 entregar el voucher original (papel o digital) con el comprobante de compra y el documento que acredite su identidad. El uso de la entrada ser\u00e1 en el horario que el Museu Ol\u00edmpic tiene establecido en su web y est\u00e1 sujeta al aforo del espacio. Se aconseja a los grupos de m\u00e1s de 20 personas preavisar de d\u00eda y hora a reserves@fbolimpica.es.Para cancelaciones, cambios y alteracionesEl voucher tiene una validez de 180 d\u00edas naturales a partir de la fecha de compra.Puede cancelar y cambiar su entrada hasta 48 horas despu\u00e9s de su compra. Las devoluciones se procesar\u00e1n a trav\u00e9s del mismo canal de compra y los reembolsos se emitir\u00e1n en la misma moneda.La Fundaci\u00f3 Barcelona Ol\u00edmpica no ser\u00e1 responsable de lo siguiente: Cualquier cancelaci\u00f3n o cambio realizado en la prestaci\u00f3n o servicio programado por parte de un promotor. Los contenidos de las actuaciones. Cancelaciones por fuerza mayor.Las agencias o centros educativos deben realizar la reserva de estudiantes desde la secci\u00f3n \u201cAprender\u201d de la web, donde podr\u00e1n seleccionar las diferentes visitas por ciclos seg\u00fan la edad del grupo.","og_url":"https:\/\/www.museuolimpicbcn.cat\/es\/compra-de-entradas\/","og_site_name":"Museu Ol\u00edmpic i de l&#039;Esport Joan Antoni Samaranch. Barcelona","article_modified_time":"2026-04-24T09:33:38+00:00","twitter_card":"summary_large_image","twitter_misc":{"Tiempo de lectura":"1 minuto"},"schema":{"@context":"https:\/\/schema.org","@graph":[{"@type":"WebPage","@id":"https:\/\/www.museuolimpicbcn.cat\/es\/compra-de-entradas\/","url":"https:\/\/www.museuolimpicbcn.cat\/es\/compra-de-entradas\/","name":"Compra de entradas - Museu Ol\u00edmpic i de l&#039;Esport Joan Antoni Samaranch. Barcelona","isPartOf":{"@id":"https:\/\/www.museuolimpicbcn.cat\/ca\/#website"},"datePublished":"2019-05-06T11:41:25+00:00","dateModified":"2026-04-24T09:33:38+00:00","description":"Canjear el voucherPara usar la entrada o servicio, deber\u00e1 entregar el voucher original (papel o digital) con el comprobante de compra y el documento que acredite su identidad. El uso de la entrada ser\u00e1 en el horario que el Museu Ol\u00edmpic tiene establecido en su web y est\u00e1 sujeta al aforo del espacio. Se aconseja a los grupos de m\u00e1s de 20 personas preavisar de d\u00eda y hora a reserves@fbolimpica.es.Para cancelaciones, cambios y alteracionesEl voucher tiene una validez de 180 d\u00edas naturales a partir de la fecha de compra.Puede cancelar y cambiar su entrada hasta 48 horas despu\u00e9s de su compra. Las devoluciones se procesar\u00e1n a trav\u00e9s del mismo canal de compra y los reembolsos se emitir\u00e1n en la misma moneda.La Fundaci\u00f3 Barcelona Ol\u00edmpica no ser\u00e1 responsable de lo siguiente: Cualquier cancelaci\u00f3n o cambio realizado en la prestaci\u00f3n o servicio programado por parte de un promotor. Los contenidos de las actuaciones. Cancelaciones por fuerza mayor.Las agencias o centros educativos deben realizar la reserva de estudiantes desde la secci\u00f3n \u201cAprender\u201d de la web, donde podr\u00e1n seleccionar las diferentes visitas por ciclos seg\u00fan la edad del grupo.","breadcrumb":{"@id":"https:\/\/www.museuolimpicbcn.cat\/es\/compra-de-entradas\/#breadcrumb"},"inLanguage":"es","potentialAction":[{"@type":"ReadAction","target":["https:\/\/www.museuolimpicbcn.cat\/es\/compra-de-entradas\/"]}]},{"@type":"BreadcrumbList","@id":"https:\/\/www.museuolimpicbcn.cat\/es\/compra-de-entradas\/#breadcrumb","itemListElement":[{"@type":"ListItem","position":1,"name":"Inici","item":"https:\/\/www.museuolimpicbcn.cat\/es\/"},{"@type":"ListItem","position":2,"name":"Compra de entradas"}]},{"@type":"WebSite","@id":"https:\/\/www.museuolimpicbcn.cat\/ca\/#website","url":"https:\/\/www.museuolimpicbcn.cat\/ca\/","name":"Museu Ol\u00edmpic i de l&#039;Esport Joan Antoni Samaranch. Barcelona","description":"Altre lloc Web del Museu Ol\u00edmpic i de l&#039;Esport llocs","publisher":{"@id":"https:\/\/www.museuolimpicbcn.cat\/ca\/#organization"},"potentialAction":[{"@type":"SearchAction","target":{"@type":"EntryPoint","urlTemplate":"https:\/\/www.museuolimpicbcn.cat\/ca\/?s={search_term_string}"},"query-input":{"@type":"PropertyValueSpecification","valueRequired":true,"valueName":"search_term_string"}}],"inLanguage":"es"},{"@type":"Organization","@id":"https:\/\/www.museuolimpicbcn.cat\/ca\/#organization","name":"Museu Ol\u00edmpic i de l&#039;Esport Joan Antoni Samaranch. Barcelona","url":"https:\/\/www.museuolimpicbcn.cat\/ca\/","logo":{"@type":"ImageObject","inLanguage":"es","@id":"https:\/\/www.museuolimpicbcn.cat\/ca\/#\/schema\/logo\/image\/","url":"https:\/\/www.museuolimpicbcn.cat\/wp-content\/uploads\/sites\/2\/2018\/12\/logo-moe-header.svg","contentUrl":"https:\/\/www.museuolimpicbcn.cat\/wp-content\/uploads\/sites\/2\/2018\/12\/logo-moe-header.svg","caption":"Museu Ol\u00edmpic i de l&#039;Esport Joan Antoni Samaranch. Barcelona"},"image":{"@id":"https:\/\/www.museuolimpicbcn.cat\/ca\/#\/schema\/logo\/image\/"}}]}},"ticketed":["woo"],"_links":{"self":[{"href":"https:\/\/www.museuolimpicbcn.cat\/es\/wp-json\/wp\/v2\/pages\/20242"}],"collection":[{"href":"https:\/\/www.museuolimpicbcn.cat\/es\/wp-json\/wp\/v2\/pages"}],"about":[{"href":"https:\/\/www.museuolimpicbcn.cat\/es\/wp-json\/wp\/v2\/types\/page"}],"author":[{"embeddable":true,"href":"https:\/\/www.museuolimpicbcn.cat\/es\/wp-json\/wp\/v2\/users\/2"}],"replies":[{"embeddable":true,"href":"https:\/\/www.museuolimpicbcn.cat\/es\/wp-json\/wp\/v2\/comments?post=20242"}],"version-history":[{"count":65,"href":"https:\/\/www.museuolimpicbcn.cat\/es\/wp-json\/wp\/v2\/pages\/20242\/revisions"}],"predecessor-version":[{"id":49350,"href":"https:\/\/www.museuolimpicbcn.cat\/es\/wp-json\/wp\/v2\/pages\/20242\/revisions\/49350"}],"wp:attachment":[{"href":"https:\/\/www.museuolimpicbcn.cat\/es\/wp-json\/wp\/v2\/media?parent=20242"}],"curies":[{"name":"wp","href":"https:\/\/api.w.org\/{rel}","templated":true}]}}